{"id":2015,"date":"2020-12-01T14:11:39","date_gmt":"2020-12-01T13:11:39","guid":{"rendered":"http:\/\/avukat-alisik.de\/?page_id=2015"},"modified":"2020-12-22T20:32:20","modified_gmt":"2020-12-22T19:32:20","slug":"home","status":"publish","type":"page","link":"https:\/\/avukat-alisik.de\/tr\/","title":{"rendered":"Home"},"content":{"rendered":"<p>[vc_row][vc_column][\/vc_column][\/vc_row][vc_row full_width=&#8221;stretch_row&#8221; full_height=&#8221;yes&#8221; columns_placement=&#8221;top&#8221; css=&#8221;.vc_custom_1608664252206{padding-top: 0px !important;padding-right: 0px !important;padding-bottom: 0px !important;padding-left: 0px !important;background-image: url(https:\/\/avukat-alisik.de\/wp-content\/uploads\/2020\/12\/schreibmaschine-6-scaled.jpg?id=7672) !important;background-position: center !important;background-repeat: no-repeat !important;background-size: cover !important;}&#8221;][vc_column css=&#8221;.vc_custom_1606845135503{padding: 0px !important;}&#8221;][vc_empty_space height=&#8221;30&#8243;][vc_row_inner][vc_column_inner width=&#8221;1\/3&#8243;][\/vc_column_inner][vc_column_inner width=&#8221;1\/3&#8243;][vc_column_text]<\/p>\n<p style=\"text-align: center\"><span style=\"font-size: 14pt\">Almanya\u00b4da yat\u0131r\u0131m yapmay\u0131 d\u00fc\u015f\u00fcnen bireysel ve kurumsal giri\u015fimcilere hukuki dan\u0131\u015fmanl\u0131\u011f\u0131n yan\u0131 s\u0131ra te\u015fvikler ve finansal hizmetler konusunda da \u00e7\u00f6z\u00fcm ortaklar\u0131m\u0131zla birlikte destek sa\u011flamaktay\u0131z<\/span><span style=\"font-size: 14pt\">. <\/span><\/p>\n<p style=\"text-align: center\"><span style=\"font-size: 14pt\">Gayrimenkul yat\u0131r\u0131m\u0131, \u015firket kurulu\u015fu ve ba\u011flant\u0131l\u0131 <\/span><span style=\"font-size: 14pt\">olarak <\/span><span style=\"font-size: 14pt\">Almanya\u00b4da ikamet izni konular\u0131nda g\u00fcvenilir \u00e7\u00f6z\u00fcm orta\u011f\u0131n\u0131z\u0131z.<\/span><\/p>\n<p>[\/vc_column_text][\/vc_column_inner][vc_column_inner width=&#8221;1\/3&#8243;][\/vc_column_inner][\/vc_row_inner][vc_empty_space height=&#8221;30&#8243;][vc_column_text]<\/p>\n<h3 class=\"font_7\" style=\"text-align: center;font-size: 25pt\"><span style=\"font-size: 24pt\"><em><strong>&#8220;Ba\u015far\u0131l\u0131 projelere gelin birlikte imza atal\u0131m.<\/strong><\/em><\/span><br \/>\n<span style=\"font-size: 24pt\"><em><strong>Biz yolunuzu a\u00e7al\u0131m,<br \/>\n<\/strong><strong>siz huzurla ba\u015far\u0131ya y\u00fcr\u00fcy\u00fcn.&#8221;<\/strong><\/em><\/span><\/h3>\n<p>[\/vc_column_text][vc_row_inner css=&#8221;.vc_custom_1607360503616{background-position: center !important;background-repeat: no-repeat !important;background-size: cover !important;}&#8221;][vc_column_inner width=&#8221;1\/4&#8243;][\/vc_column_inner][vc_column_inner width=&#8221;1\/4&#8243;][\/vc_column_inner][vc_column_inner width=&#8221;1\/4&#8243;][vc_column_text]<a id=\"hakkimizda\"><\/a>[\/vc_column_text][vc_single_image image=&#8221;2111&#8243; img_size=&#8221;412&#215;412&#8243; alignment=&#8221;center&#8221; style=&#8221;vc_box_circle&#8221; el_class=&#8221;gray&#8221;][vc_column_text]<\/p>\n<h3 class=\"font_3\" style=\"text-align: center\"><span class=\"color_15\">Avukat<br \/>\n<\/span><span class=\"color_15\">Cem Al\u0131\u015f\u0131k<\/span><\/h3>\n<p>[\/vc_column_text][vc_column_text]<\/p>\n<p style=\"text-align: center\">Freie Universit\u00e4t Berlin Hukuk Fak\u00fcltesi\u00b4nden mezun olduktan sonra \u00f6zellikle Ticaret, Gayrimenkul ve \u0130kamet Hukuku konular\u0131 ba\u015fta olmak \u00fczere, 15 y\u0131l\u0131 a\u015fk\u0131n s\u00fcredir Berlin merkezli olarak \u00e7al\u0131\u015fmalar\u0131na devam etmektedir. E\u015f zamanl\u0131 olarak 2006 y\u0131l\u0131ndan itibaren T.C. Berlin B\u00fcy\u00fckel\u00e7ili\u011fi ve T.C. Berlin Ba\u015fkonsoloslu\u011fu Hukuk Dan\u0131\u015fmanl\u0131\u011f\u0131 g\u00f6revini de y\u00fcr\u00fctmektedir.<\/p>\n<p>[\/vc_column_text][vc_single_image image=&#8221;7449&#8243; img_size=&#8221;medium&#8221; alignment=&#8221;center&#8221;][vc_empty_space][\/vc_column_inner][vc_column_inner width=&#8221;1\/4&#8243;][\/vc_column_inner][\/vc_row_inner][\/vc_column][\/vc_row][vc_row][vc_column][vc_custom_heading text=&#8221;Hizmetlerimiz&#8221; font_container=&#8221;tag:h2|text_align:center&#8221; google_fonts=&#8221;font_family:Playfair%20Display%3Aregular%2Citalic%2C700%2C700italic%2C900%2C900italic|font_style:400%20regular%3A400%3Anormal&#8221;][vc_column_text]<a id=\"hizmetler\"><\/a>[\/vc_column_text][\/vc_column][\/vc_row][vc_row equal_height=&#8221;yes&#8221;][vc_column width=&#8221;1\/4&#8243;][vc_single_image image=&#8221;7682&#8243; img_size=&#8221;200X200&#8243; alignment=&#8221;center&#8221; style=&#8221;vc_box_circle&#8221; onclick=&#8221;custom_link&#8221; el_class=&#8221;gray&#8221; link=&#8221;http:\/\/avukat-alisik.de\/tr\/firsatlar-baskenti-berlin\/&#8221;][vc_column_text]<\/p>\n<p style=\"text-align: center\"><span style=\"font-size: 14pt\">FIRSATLAR<br \/>\n<\/span><span style=\"font-size: 14pt\">BA\u015eKENT\u0130\u00a0&#8211;<\/span><br \/>\n<span style=\"font-size: 14pt\">BERL\u0130N<\/span>[\/vc_column_text][\/vc_column][vc_column width=&#8221;1\/4&#8243;][vc_single_image image=&#8221;7678&#8243; img_size=&#8221;200X200&#8243; alignment=&#8221;center&#8221; style=&#8221;vc_box_circle&#8221; onclick=&#8221;custom_link&#8221; el_class=&#8221;gray&#8221; link=&#8221;http:\/\/avukat-alisik.de\/tr\/ticaret-hukuku\/&#8221;][vc_column_text]<\/p>\n<p style=\"text-align: center\"><span style=\"font-size: 14pt\">T\u0130CARET<\/span><br \/>\n<span style=\"font-size: 14pt\">HUKUKU<\/span>[\/vc_column_text][\/vc_column][vc_column width=&#8221;1\/4&#8243;][vc_single_image image=&#8221;7675&#8243; img_size=&#8221;200X200&#8243; alignment=&#8221;center&#8221; style=&#8221;vc_box_circle&#8221; onclick=&#8221;custom_link&#8221; el_class=&#8221;gray&#8221; link=&#8221;http:\/\/avukat-alisik.de\/tr\/gayrimenkul-hukuku\/&#8221;][vc_column_text]<\/p>\n<p style=\"text-align: center\"><span style=\"font-size: 14pt\">GAYR\u0130MENKUL<\/span><br \/>\n<span style=\"font-size: 14pt\">HUKUKU<\/span>[\/vc_column_text][\/vc_column][vc_column width=&#8221;1\/4&#8243;][vc_single_image image=&#8221;7680&#8243; img_size=&#8221;200X200&#8243; alignment=&#8221;center&#8221; style=&#8221;vc_box_circle&#8221; onclick=&#8221;custom_link&#8221; el_class=&#8221;gray&#8221; link=&#8221;http:\/\/avukat-alisik.de\/tr\/ikamet-hukuku\/&#8221;][vc_column_text]<\/p>\n<p style=\"text-align: center\"><span style=\"font-size: 14pt\">\u0130KAMET HUKUKU<\/span><br \/>\n<span style=\"font-size: 10pt\">(Blue Card ve Ticari Oturum)<\/span>[\/vc_column_text][\/vc_column][\/vc_row]<\/p>\n","protected":false},"excerpt":{"rendered":"<p>[vc_row][vc_column][\/vc_column][\/vc_row][vc_row full_width=&#8221;stretch_row&#8221; full_height=&#8221;yes&#8221; columns_placement=&#8221;top&#8221; css=&#8221;.vc_custom_1608664252206{padding-top: 0px !important;padding-right: 0px !important;padding-bottom: 0px !important;padding-left: 0px !important;background-image: url(https:\/\/avukat-alisik.de\/wp-content\/uploads\/2020\/12\/schreibmaschine-6-scaled.jpg?id=7672) !important;background-position: center !important;background-repeat: no-repeat !important;background-size: cover !important;}&#8221;][vc_column css=&#8221;.vc_custom_1606845135503{padding: 0px !important;}&#8221;][vc_empty_space height=&#8221;30&#8243;][vc_row_inner][vc_column_inner width=&#8221;1\/3&#8243;][\/vc_column_inner][vc_column_inner width=&#8221;1\/3&#8243;][vc_column_text] Almanya\u00b4da yat\u0131r\u0131m yapmay\u0131 d\u00fc\u015f\u00fcnen bireysel ve kurumsal giri\u015fimcilere hukuki dan\u0131\u015fmanl\u0131\u011f\u0131n yan\u0131 s\u0131ra te\u015fvikler ve finansal hizmetler konusunda da \u00e7\u00f6z\u00fcm ortaklar\u0131m\u0131zla birlikte destek sa\u011flamaktay\u0131z. Gayrimenkul yat\u0131r\u0131m\u0131, \u015firket kurulu\u015fu ve [&hellip;]<\/p>\n","protected":false},"author":1,"featured_media":0,"parent":0,"menu_order":0,"comment_status":"closed","ping_status":"closed","template":"","meta":[],"_links":{"self":[{"href":"https:\/\/avukat-alisik.de\/tr\/wp-json\/wp\/v2\/pages\/2015"}],"collection":[{"href":"https:\/\/avukat-alisik.de\/tr\/wp-json\/wp\/v2\/pages"}],"about":[{"href":"https:\/\/avukat-alisik.de\/tr\/wp-json\/wp\/v2\/types\/page"}],"author":[{"embeddable":true,"href":"https:\/\/avukat-alisik.de\/tr\/wp-json\/wp\/v2\/users\/1"}],"replies":[{"embeddable":true,"href":"https:\/\/avukat-alisik.de\/tr\/wp-json\/wp\/v2\/comments?post=2015"}],"version-history":[{"count":6,"href":"https:\/\/avukat-alisik.de\/tr\/wp-json\/wp\/v2\/pages\/2015\/revisions"}],"predecessor-version":[{"id":7684,"href":"https:\/\/avukat-alisik.de\/tr\/wp-json\/wp\/v2\/pages\/2015\/revisions\/7684"}],"wp:attachment":[{"href":"https:\/\/avukat-alisik.de\/tr\/wp-json\/wp\/v2\/media?parent=2015"}],"curies":[{"name":"wp","href":"https:\/\/api.w.org\/{rel}","templated":true}]}}