{"id":2030,"date":"2020-12-01T15:03:54","date_gmt":"2020-12-01T14:03:54","guid":{"rendered":"http:\/\/avukat-alisik.de\/?page_id=2030"},"modified":"2021-04-03T19:18:43","modified_gmt":"2021-04-03T17:18:43","slug":"guencel","status":"publish","type":"page","link":"https:\/\/avukat-alisik.de\/tr\/guencel\/","title":{"rendered":"G\u00fcncel"},"content":{"rendered":"<p>[vc_row][vc_column][vc_column_text]<\/p>\n<p style=\"text-align: center;\"><span style=\"font-size: 24pt;\">G\u00fcncel<\/span><\/p>\n<p>[\/vc_column_text][vc_row_inner][vc_column_inner width=&#8221;1\/4&#8243;][vc_single_image image=&#8221;7544&#8243; img_size=&#8221;50&#215;52&#8243; alignment=&#8221;center&#8221; onclick=&#8221;custom_link&#8221; img_link_target=&#8221;_blank&#8221; link=&#8221;https:\/\/avukat-alisik.de\/dokumente\/milliyet_gazetesi.pdf&#8221;][vc_column_text]<\/p>\n<p style=\"text-align: center;\"><a href=\"https:\/\/avukat-alisik.de\/dokumente\/milliyet_gazetesi.pdf\" target=\"_blank\" rel=\"noopener noreferrer\">M\u0130LL\u0130YET GAZETES\u0130<\/a> (12. Sayfa)<\/p>\n<p>[\/vc_column_text][\/vc_column_inner][vc_column_inner width=&#8221;1\/4&#8243;][vc_single_image image=&#8221;7544&#8243; img_size=&#8221;50&#215;52&#8243; alignment=&#8221;center&#8221; onclick=&#8221;custom_link&#8221; img_link_target=&#8221;_blank&#8221; link=&#8221;https:\/\/avukat-alisik.de\/dokumente\/t\u00fcrkiye_almanya_istisna_akdi_anlasmasi.pdf&#8221;][vc_column_text]<\/p>\n<p style=\"text-align: center;\"><a href=\"https:\/\/avukat-alisik.de\/dokumente\/t\u00fcrkiye_almanya_istisna_akdi_anlasmasi.pdf\" target=\"_blank\" rel=\"noopener noreferrer\">T\u00dcRK\u0130YE &#8211; ALMANYA ARASINDA \u0130ST\u0130SNA AKD\u0130 ANLA\u015eMASI<\/a><\/p>\n<p>[\/vc_column_text][\/vc_column_inner][vc_column_inner width=&#8221;1\/4&#8243;][vc_single_image image=&#8221;7544&#8243; img_size=&#8221;50&#215;52&#8243; alignment=&#8221;center&#8221; onclick=&#8221;custom_link&#8221; img_link_target=&#8221;_blank&#8221; link=&#8221;https:\/\/avukat-alisik.de\/dokumente\/cifte_vergi.pdf&#8221;][vc_column_text]<\/p>\n<p style=\"text-align: center;\"><a href=\"https:\/\/avukat-alisik.de\/dokumente\/cifte_vergi.pdf\" target=\"_blank\" rel=\"noopener noreferrer\">\u00c7\u0130FTE VERG\u0130LEND\u0130RMEY\u0130 \u00d6NLEME ANLA\u015eMASI<\/a><\/p>\n<p>[\/vc_column_text][\/vc_column_inner][vc_column_inner width=&#8221;1\/4&#8243;][vc_single_image image=&#8221;7544&#8243; img_size=&#8221;50&#215;52&#8243; alignment=&#8221;center&#8221; onclick=&#8221;custom_link&#8221; img_link_target=&#8221;_blank&#8221; link=&#8221;https:\/\/avukat-alisik.de\/dokumente\/ankara_anlasmasi.pdf&#8221;][vc_column_text]<\/p>\n<p style=\"text-align: center;\"><a href=\"https:\/\/avukat-alisik.de\/dokumente\/ankara_anlasmasi.pdf\" target=\"_blank\" rel=\"noopener noreferrer\">ANKARA ANLA\u015eMASI<\/a><\/p>\n<p>[\/vc_column_text][\/vc_column_inner][\/vc_row_inner][vc_row_inner][vc_column_inner width=&#8221;1\/4&#8243;][vc_single_image image=&#8221;7544&#8243; img_size=&#8221;50&#215;52&#8243; alignment=&#8221;center&#8221; onclick=&#8221;custom_link&#8221; img_link_target=&#8221;_blank&#8221; link=&#8221;https:\/\/avukat-alisik.de\/dokumente\/finansal_hesap_bilgilerinin_rehberi.pdf&#8221;][vc_column_text]<\/p>\n<p style=\"text-align: center;\"><a href=\"https:\/\/avukat-alisik.de\/dokumente\/finansal_hesap_bilgilerinin_rehberi.pdf\" target=\"_blank\" rel=\"noopener noreferrer\">F\u0130NANSAL HESAP B\u0130LG\u0130LER\u0130N\u0130N VERG\u0130 KONULARINDA<br \/>\nKAR\u015eILIKLI OLARAK OTOMAT\u0130K DE\u011e\u0130\u015e\u0130M STANDARDI<br \/>\nB\u0130LG\u0130LEND\u0130RME REHBER\u0130<\/a><\/p>\n<p>[\/vc_column_text][\/vc_column_inner][vc_column_inner width=&#8221;1\/4&#8243;][vc_single_image image=&#8221;7544&#8243; img_size=&#8221;50&#215;52&#8243; alignment=&#8221;center&#8221; onclick=&#8221;custom_link&#8221; img_link_target=&#8221;_blank&#8221; link=&#8221;https:\/\/avukat-alisik.de\/dokumente\/corona_yardimlarinda_dikkat.pdf&#8221;][vc_column_text]<\/p>\n<p style=\"text-align: center;\"><a href=\"https:\/\/avukat-alisik.de\/dokumente\/corona_yardimlarinda_dikkat.pdf\" target=\"_blank\" rel=\"noopener noreferrer\">CORONA YARDIMLARINDA D\u0130KKAT<\/a><\/p>\n<p>[\/vc_column_text][\/vc_column_inner][vc_column_inner width=&#8221;1\/4&#8243;][vc_single_image image=&#8221;7544&#8243; img_size=&#8221;50&#215;52&#8243; alignment=&#8221;center&#8221; onclick=&#8221;custom_link&#8221; img_link_target=&#8221;_blank&#8221; link=&#8221;https:\/\/avukat-alisik.de\/dokumente\/insaat_s\u00f6zlesmeleri.pdf&#8221;][vc_column_text]<\/p>\n<p style=\"text-align: center;\"><a href=\"https:\/\/avukat-alisik.de\/dokumente\/insaat_s\u00f6zlesmeleri.pdf\" target=\"_blank\" rel=\"noopener noreferrer\">\u0130N\u015eAAT S\u00d6ZLE\u015eMELER\u0130<\/a><\/p>\n<p>[\/vc_column_text][\/vc_column_inner][vc_column_inner width=&#8221;1\/4&#8243;][\/vc_column_inner][\/vc_row_inner][\/vc_column][\/vc_row][vc_row][vc_column][vc_column_text]<\/p>\n<p style=\"text-align: center;\"><span style=\"font-size: 18pt;\">Corona ile ilgili Zoom Toplant\u0131s\u0131 (Turkish)<\/span><\/p>\n<p>[\/vc_column_text][vc_video link=&#8221;https:\/\/www.youtube.com\/watch?v=8hPgGiU2qyY&#8221;][\/vc_column][\/vc_row]<\/p>\n","protected":false},"excerpt":{"rendered":"<p>[vc_row][vc_column][vc_column_text] G\u00fcncel [\/vc_column_text][vc_row_inner][vc_column_inner width=&#8221;1\/4&#8243;][vc_single_image image=&#8221;7544&#8243; img_size=&#8221;50&#215;52&#8243; alignment=&#8221;center&#8221; onclick=&#8221;custom_link&#8221; img_link_target=&#8221;_blank&#8221; link=&#8221;https:\/\/avukat-alisik.de\/dokumente\/milliyet_gazetesi.pdf&#8221;][vc_column_text] M\u0130LL\u0130YET GAZETES\u0130 (12. Sayfa) [\/vc_column_text][\/vc_column_inner][vc_column_inner width=&#8221;1\/4&#8243;][vc_single_image image=&#8221;7544&#8243; img_size=&#8221;50&#215;52&#8243; alignment=&#8221;center&#8221; onclick=&#8221;custom_link&#8221; img_link_target=&#8221;_blank&#8221; link=&#8221;https:\/\/avukat-alisik.de\/dokumente\/t\u00fcrkiye_almanya_istisna_akdi_anlasmasi.pdf&#8221;][vc_column_text] T\u00dcRK\u0130YE &#8211; ALMANYA ARASINDA \u0130ST\u0130SNA AKD\u0130 ANLA\u015eMASI [\/vc_column_text][\/vc_column_inner][vc_column_inner width=&#8221;1\/4&#8243;][vc_single_image image=&#8221;7544&#8243; img_size=&#8221;50&#215;52&#8243; alignment=&#8221;center&#8221; onclick=&#8221;custom_link&#8221; img_link_target=&#8221;_blank&#8221; link=&#8221;https:\/\/avukat-alisik.de\/dokumente\/cifte_vergi.pdf&#8221;][vc_column_text] \u00c7\u0130FTE VERG\u0130LEND\u0130RMEY\u0130 \u00d6NLEME ANLA\u015eMASI [\/vc_column_text][\/vc_column_inner][vc_column_inner width=&#8221;1\/4&#8243;][vc_single_image image=&#8221;7544&#8243; img_size=&#8221;50&#215;52&#8243; alignment=&#8221;center&#8221; onclick=&#8221;custom_link&#8221; img_link_target=&#8221;_blank&#8221; link=&#8221;https:\/\/avukat-alisik.de\/dokumente\/ankara_anlasmasi.pdf&#8221;][vc_column_text] ANKARA ANLA\u015eMASI [\/vc_column_text][\/vc_column_inner][\/vc_row_inner][vc_row_inner][vc_column_inner width=&#8221;1\/4&#8243;][vc_single_image image=&#8221;7544&#8243; img_size=&#8221;50&#215;52&#8243; [&hellip;]<\/p>\n","protected":false},"author":1,"featured_media":0,"parent":0,"menu_order":0,"comment_status":"closed","ping_status":"closed","template":"","meta":[],"_links":{"self":[{"href":"https:\/\/avukat-alisik.de\/tr\/wp-json\/wp\/v2\/pages\/2030"}],"collection":[{"href":"https:\/\/avukat-alisik.de\/tr\/wp-json\/wp\/v2\/pages"}],"about":[{"href":"https:\/\/avukat-alisik.de\/tr\/wp-json\/wp\/v2\/types\/page"}],"author":[{"embeddable":true,"href":"https:\/\/avukat-alisik.de\/tr\/wp-json\/wp\/v2\/users\/1"}],"replies":[{"embeddable":true,"href":"https:\/\/avukat-alisik.de\/tr\/wp-json\/wp\/v2\/comments?post=2030"}],"version-history":[{"count":5,"href":"https:\/\/avukat-alisik.de\/tr\/wp-json\/wp\/v2\/pages\/2030\/revisions"}],"predecessor-version":[{"id":7728,"href":"https:\/\/avukat-alisik.de\/tr\/wp-json\/wp\/v2\/pages\/2030\/revisions\/7728"}],"wp:attachment":[{"href":"https:\/\/avukat-alisik.de\/tr\/wp-json\/wp\/v2\/media?parent=2030"}],"curies":[{"name":"wp","href":"https:\/\/api.w.org\/{rel}","templated":true}]}}