{"id":7302,"date":"2020-12-07T19:44:45","date_gmt":"2020-12-07T18:44:45","guid":{"rendered":"http:\/\/avukat-alisik.de\/?page_id=7302"},"modified":"2020-12-22T20:39:24","modified_gmt":"2020-12-22T19:39:24","slug":"teknoloji-kueltuer-start-up","status":"publish","type":"page","link":"https:\/\/avukat-alisik.de\/tr\/teknoloji-kueltuer-start-up\/","title":{"rendered":"Teknoloji\/K\u00fclt\u00fcr\/Start-Up"},"content":{"rendered":"<p>[vc_row][vc_column width=&#8221;1\/2&#8243;][vc_single_image image=&#8221;7690&#8243; img_size=&#8221;200&#215;200&#8243; alignment=&#8221;center&#8221; style=&#8221;vc_box_shadow_circle&#8221; el_class=&#8221;gray&#8221;][\/vc_column][vc_column width=&#8221;1\/2&#8243;][vc_column_text]<a id=\"teknoloji\"><\/a>[\/vc_column_text][vc_column_text]<\/p>\n<p class=\"font_0\" style=\"text-align: center; font-size: 20px;\"><strong><span class=\"color_15\">Teknoloji Ba\u015fkenti<br \/>\n<\/span><span class=\"color_15\">BERL\u0130N<\/span><\/strong><\/p>\n<p>[\/vc_column_text][vc_column_text]<\/p>\n<p class=\"font_7\" style=\"text-align: center;\"><span class=\"color_15\">B\u00fcy\u00fck teknolojik yat\u0131r\u0131mlar Berlin\u2019e akmaya devam ediyor.<\/span><\/p>\n<p class=\"font_7\" style=\"text-align: center;\"><span class=\"color_15\">Berlin m\u00fckemmel altyap\u0131s\u0131, e\u011fitim seviyesi ve d\u00fcnyadaki en \u00f6nemli teknoloji merkezlerinden biri olmas\u0131 nedeniyle her ge\u00e7en g\u00fcn b\u00fcy\u00fck teknolojik yat\u0131r\u0131mlar\u0131 \u00e7ekmeye devam etmekte.<\/span><\/p>\n<p>[\/vc_column_text][vc_empty_space height=&#8221;50px&#8221;][vc_column_text]<a id=\"kultur\"><\/a>[\/vc_column_text][\/vc_column][\/vc_row][vc_row][vc_column width=&#8221;1\/2&#8243;][vc_single_image image=&#8221;7692&#8243; img_size=&#8221;200&#215;200&#8243; alignment=&#8221;center&#8221; style=&#8221;vc_box_shadow_circle&#8221; el_class=&#8221;gray&#8221;][\/vc_column][vc_column width=&#8221;1\/2&#8243;][vc_column_text]<\/p>\n<p class=\"font_0\" style=\"text-align: center; font-size: 20px;\"><strong><span class=\"color_15\">\u200bK\u00fclt\u00fcr ve Sanat Ba\u015fkenti<br \/>\n<\/span><span class=\"color_15\">BERL\u0130N<\/span><\/strong><\/p>\n<p>[\/vc_column_text][vc_column_text]<\/p>\n<p style=\"text-align: center;\">Berlin \u015fehri Almanya\u00b4n\u0131n yarat\u0131c\u0131 ba\u015fkenti olmakla birlikte, ayn\u0131 zamanda Avrupa\u00b4n\u0131n en ilgi \u00e7ekici k\u00fclt\u00fcrel enerji merkezlerinden biridir ve \u00e7ok say\u0131da uluslararas\u0131 festivale ev sahipli\u011fi yapmaktad\u0131r.<\/p>\n<p style=\"text-align: center;\">Berlinale Uluslararas\u0131 Film Festivali olarak bilinen etkinlik, d\u00fcnyan\u0131n en geni\u015f kat\u0131l\u0131ml\u0131 seyirci festivalidir.<\/p>\n<p style=\"text-align: center;\">3 opera, 50\u00b4den fazla tiyatro, 170 m\u00fcze, 600\u2019\u00fc a\u015fan sanat galerisi, 130 sinema ile Berlin \u015fehri uluslararas\u0131 \u00e7apta bir k\u00fclt\u00fcr metropol\u00fcd\u00fcr.<\/p>\n<p style=\"text-align: center;\">Berlin Eyaleti, Berlin\u00b4e yerle\u015fmek isteyen sanat\u00e7\u0131lara geni\u015f imkanlar ve oturum konusunda kolayl\u0131klar sa\u011flanmaktad\u0131r.<\/p>\n<p>[\/vc_column_text][vc_empty_space height=&#8221;50px&#8221;][vc_column_text]<a id=\"start-up\"><\/a>[\/vc_column_text][\/vc_column][\/vc_row][vc_row][vc_column width=&#8221;1\/2&#8243;][vc_single_image image=&#8221;7694&#8243; img_size=&#8221;200&#215;200&#8243; alignment=&#8221;center&#8221; style=&#8221;vc_box_shadow_circle&#8221; el_class=&#8221;gray&#8221;][\/vc_column][vc_column width=&#8221;1\/2&#8243;][vc_column_text]<\/p>\n<p class=\"font_0\" style=\"text-align: center; font-size: 20px;\"><strong><span class=\"color_15\">\u200bStart-Up\u00a0Ba\u015fkenti<br \/>\n<\/span><span class=\"color_15\">BERL\u0130N<\/span><\/strong><\/p>\n<p>[\/vc_column_text][vc_column_text]<\/p>\n<p style=\"text-align: center;\">Ba\u015fkent Berlin, ayn\u0131 zamanda Almanya\u00b4n\u0131n dijital ba\u015fkenti olarak da tan\u0131mlanmakta ve t\u00fcm d\u00fcnyadan pek \u00e7ok yetene\u011fi kendine \u00e7ekmektedir. K\u00fc\u00e7\u00fck veya b\u00fcy\u00fck t\u00fcm yat\u0131r\u0131mc\u0131lar\u0131n da bu sebeple Berlin Start-Up camias\u0131na ilgisi \u00e7ok b\u00fcy\u00fck.<\/p>\n<p>[\/vc_column_text][\/vc_column][\/vc_row]<\/p>\n","protected":false},"excerpt":{"rendered":"<p>[vc_row][vc_column width=&#8221;1\/2&#8243;][vc_single_image image=&#8221;7690&#8243; img_size=&#8221;200&#215;200&#8243; alignment=&#8221;center&#8221; style=&#8221;vc_box_shadow_circle&#8221; el_class=&#8221;gray&#8221;][\/vc_column][vc_column width=&#8221;1\/2&#8243;][vc_column_text][\/vc_column_text][vc_column_text] Teknoloji Ba\u015fkenti BERL\u0130N [\/vc_column_text][vc_column_text] B\u00fcy\u00fck teknolojik yat\u0131r\u0131mlar Berlin\u2019e akmaya devam ediyor. Berlin m\u00fckemmel altyap\u0131s\u0131, e\u011fitim seviyesi ve d\u00fcnyadaki en \u00f6nemli teknoloji merkezlerinden biri olmas\u0131 nedeniyle her ge\u00e7en g\u00fcn b\u00fcy\u00fck teknolojik yat\u0131r\u0131mlar\u0131 \u00e7ekmeye devam etmekte. [\/vc_column_text][vc_empty_space height=&#8221;50px&#8221;][vc_column_text][\/vc_column_text][\/vc_column][\/vc_row][vc_row][vc_column width=&#8221;1\/2&#8243;][vc_single_image image=&#8221;7692&#8243; img_size=&#8221;200&#215;200&#8243; alignment=&#8221;center&#8221; style=&#8221;vc_box_shadow_circle&#8221; el_class=&#8221;gray&#8221;][\/vc_column][vc_column width=&#8221;1\/2&#8243;][vc_column_text] \u200bK\u00fclt\u00fcr ve Sanat Ba\u015fkenti [&hellip;]<\/p>\n","protected":false},"author":1,"featured_media":0,"parent":0,"menu_order":0,"comment_status":"closed","ping_status":"closed","template":"","meta":[],"_links":{"self":[{"href":"https:\/\/avukat-alisik.de\/tr\/wp-json\/wp\/v2\/pages\/7302"}],"collection":[{"href":"https:\/\/avukat-alisik.de\/tr\/wp-json\/wp\/v2\/pages"}],"about":[{"href":"https:\/\/avukat-alisik.de\/tr\/wp-json\/wp\/v2\/types\/page"}],"author":[{"embeddable":true,"href":"https:\/\/avukat-alisik.de\/tr\/wp-json\/wp\/v2\/users\/1"}],"replies":[{"embeddable":true,"href":"https:\/\/avukat-alisik.de\/tr\/wp-json\/wp\/v2\/comments?post=7302"}],"version-history":[{"count":5,"href":"https:\/\/avukat-alisik.de\/tr\/wp-json\/wp\/v2\/pages\/7302\/revisions"}],"predecessor-version":[{"id":7697,"href":"https:\/\/avukat-alisik.de\/tr\/wp-json\/wp\/v2\/pages\/7302\/revisions\/7697"}],"wp:attachment":[{"href":"https:\/\/avukat-alisik.de\/tr\/wp-json\/wp\/v2\/media?parent=7302"}],"curies":[{"name":"wp","href":"https:\/\/api.w.org\/{rel}","templated":true}]}}