{"id":7318,"date":"2020-12-07T20:43:37","date_gmt":"2020-12-07T19:43:37","guid":{"rendered":"http:\/\/avukat-alisik.de\/?page_id=7318"},"modified":"2020-12-14T21:09:34","modified_gmt":"2020-12-14T20:09:34","slug":"ticaret-hukuku","status":"publish","type":"page","link":"https:\/\/avukat-alisik.de\/tr\/ticaret-hukuku\/","title":{"rendered":"Ticaret Hukuku"},"content":{"rendered":"<p>[vc_row][vc_column][vc_column_text]<\/p>\n<p style=\"text-align: center\"><span style=\"font-size: 36pt\">Ticaret Hukuku<\/span><\/p>\n<p>[\/vc_column_text][vc_column_text]<\/p>\n<p style=\"text-align: center\"><span class=\"color_15\" style=\"font-size: 24pt\">Ticari Yat\u0131r\u0131mlar\u0131n Cazibe Merkezi<br \/>\nALMANYA<\/span><\/p>\n<p>[\/vc_column_text][vc_column_text]<\/p>\n<p style=\"text-align: center\">Avrupa\u00b4n\u0131n en g\u00fc\u00e7l\u00fc ekonomisine, g\u00fcvenilir hukuk ve vergi sistemine, \u00f6rnek altyap\u0131s\u0131na, y\u00fcksek sat\u0131n alma g\u00fcc\u00fcne ve yarat\u0131c\u0131 i\u015fletmelere sahip olan Almanya, yabanc\u0131 yat\u0131r\u0131mc\u0131lar i\u00e7in cazip bir \u00fclke konumunu korumaya devam etmektedir. T\u00fcrk giri\u015fimciler de, T\u00fcrkiye\u2019nin en geni\u015f ticaret hacminin ger\u00e7ekle\u015ftirildi\u011fi Almanya\u2019ya olan ilgilerini her ge\u00e7en g\u00fcn art\u0131rmaktad\u0131rlar. Ayr\u0131ca T\u00fcrk giri\u015fimcilerin Almanya\u00b4da \u015firket veya i\u015fletme kurmas\u0131, kurulu \u015firkete ortak olmas\u0131 ya da ta\u015f\u0131nmaz edinmesi konusunda herhangi bir k\u0131s\u0131tlama olmamas\u0131, \u015firket ortak ve\/veya y\u00f6ntecisinin ikamet zorunlulu\u011funun bulunmamas\u0131 gibi kolayl\u0131klar da bu ilginin h\u0131zl\u0131ca hayata ge\u00e7irlmesine imkan tan\u0131maktad\u0131r.<\/p>\n<p>[\/vc_column_text][vc_column_text]<\/p>\n<p style=\"text-align: center\"><span class=\"color_15\" style=\"font-size: 24pt\">\u015eirket, \u015eube ve Ticari Temsilcilik<br \/>\nKurulu\u015fu<\/span><\/p>\n<p>[\/vc_column_text][vc_column_text]<\/p>\n<p style=\"text-align: center\">Almanya\u00b4da \u00e7o\u011funlukla tercih edilen \u015firket t\u00fcr\u00fc GmbH\u00b4d\u0131r. T\u00fcrk Ticaret Kanununda (TTK) d\u00fczenlendi\u011fi gibi Almanya\u00b4da da GmbH olarak adland\u0131r\u0131lan limited \u015firketler sermaye \u015firketleridir. Asgari sermaye miktar\u0131 25.000,00 EUR\u00b4dur. Ayr\u0131ca T\u00fcrkiye\u00b4de kurulu bir \u015firketin Almanya\u00b4da ana \u015firketten ba\u011f\u0131ml\u0131\/ba\u011f\u0131ms\u0131z \u015fubesinin kurulmas\u0131 da m\u00fcmk\u00fcnd\u00fcr.<\/p>\n<p style=\"text-align: center\">T\u00fcrk markalar\u0131 ve \u00fcr\u00fcnlerinin yurtd\u0131\u015f\u0131na a\u00e7\u0131lmas\u0131 konusunda T\u00fcrkiye Cumhuriyeti taraf\u0131ndan sa\u011flanan destekler bir \u00e7ok giri\u015fimcinin Almanya piyasas\u0131na girmesini te\u015fvik etmekte ve b\u00fcy\u00fck bir kolayl\u0131k sa\u011flamaktad\u0131r.<\/p>\n<p>[\/vc_column_text][vc_column_text]<\/p>\n<p style=\"text-align: center\"><span class=\"color_15\" style=\"font-size: 24pt\">T\u00fcrkiye ve Almanya aras\u0131ndaki ticari<br \/>\nili\u015fkiler<\/span><\/p>\n<p>[\/vc_column_text][vc_row_inner][vc_column_inner width=&#8221;1\/4&#8243;][vc_column_text]<\/p>\n<p style=\"text-align: center\">Almanya ve T\u00fcrkiye\u00b4nin ticari ili\u015fkileri Osmanl\u0131 D\u00f6nemine dayanmakta. 2 Nisan 1761 tarihinde Prusya ile Osmanl\u0131 \u0130mparatorlu\u011fu aras\u0131nda \u201cDostluk, Gemicilik ve Ticaret Antla\u015fmas\u0131\u201d imzalanm\u0131\u015ft\u0131r.<\/p>\n<p>[\/vc_column_text][\/vc_column_inner][vc_column_inner width=&#8221;1\/4&#8243;][vc_column_text]<\/p>\n<p style=\"text-align: center\">1856 y\u0131l\u0131nda ilk telgraf Siemens taraf\u0131ndan \u0130stanbul\u2019da kurulmu\u015ftur. 20. y\u00fczy\u0131l\u0131n ba\u015f\u0131nda Philipp Holzmann \u015firketi ve Deutsche Bank Ba\u011fdat Demiryolunun finansman\u0131n\u0131 sa\u011flam\u0131\u015ft\u0131r.<\/p>\n<p>[\/vc_column_text][\/vc_column_inner][vc_column_inner width=&#8221;1\/4&#8243;][vc_column_text]<\/p>\n<p style=\"text-align: center\">Bosch 1910 y\u0131l\u0131nda \u0130stanbul\u2019da \u015fubesini a\u00e7m\u0131\u015ft\u0131r ve 1960 y\u0131llar\u0131ndan beri Mercedes ve MAN \u015firketleri T\u00fcrkiye\u00b4de otomotiv sekt\u00f6r\u00fcnde faaliyetlerini s\u00fcrd\u00fcrmektelerdir.<\/p>\n<p>[\/vc_column_text][\/vc_column_inner][vc_column_inner width=&#8221;1\/4&#8243;][vc_column_text]<\/p>\n<p style=\"text-align: center\">Bug\u00fcn iki \u00fclke aras\u0131ndaki ticari hacim yakla\u015f\u0131k 37 Milyar Avro \u00b4ya ula\u015fm\u0131\u015ft\u0131r ve Almanya T\u00fcrkiye\u00b4nin en \u00f6nemli ticari orta\u011f\u0131 konumundad\u0131r.<\/p>\n<p>[\/vc_column_text][\/vc_column_inner][\/vc_row_inner][vc_column_text]<\/p>\n<p style=\"text-align: center\"><span class=\"color_15\" style=\"font-size: 24pt\">T\u00fcrkiye Cumhuriyeti ve Almanya Aras\u0131nda Ticareti<br \/>\nKolayla\u015ft\u0131racak \u00d6zel Anla\u015fmalar<\/span><\/p>\n<p>[\/vc_column_text][vc_row_inner][vc_column_inner width=&#8221;1\/4&#8243;][vc_column_text]<\/p>\n<p class=\"font_7\" style=\"text-align: center\"><strong><span class=\"color_15\">1927 Kar\u015f\u0131l\u0131kl\u0131 Yerle\u015fme Hakk\u0131 Anla\u015fmas\u0131<\/span><\/strong><\/p>\n<p>[\/vc_column_text][\/vc_column_inner][vc_column_inner width=&#8221;1\/4&#8243;][vc_column_text]<\/p>\n<p class=\"font_7\" style=\"text-align: center\"><strong><span class=\"color_15\">1963 Ankara <\/span><span class=\"color_15\">Antla\u015fmas\u0131<\/span><\/strong><\/p>\n<p>[\/vc_column_text][\/vc_column_inner][vc_column_inner width=&#8221;1\/4&#8243;][vc_column_text]<\/p>\n<p class=\"font_7\" style=\"text-align: center\"><strong><span class=\"color_15\">1991 \u0130stisna Akdi <\/span>Anla\u015fmas\u0131<\/strong><\/p>\n<p>[\/vc_column_text][\/vc_column_inner][vc_column_inner width=&#8221;1\/4&#8243;][vc_column_text]<\/p>\n<p class=\"font_7\" style=\"text-align: center\"><strong>2011 \u00c7ifte Vergilendirmeyi \u00d6nleme Anla\u015fmas\u0131<\/strong><\/p>\n<p>[\/vc_column_text][\/vc_column_inner][\/vc_row_inner][\/vc_column][\/vc_row][vc_row][vc_column width=&#8221;1\/4&#8243;][vc_column_text]<\/p>\n<p style=\"text-align: center\">T\u00fcrkiye Cumhuriyeti ile Alman \u0130mparatorlu\u011fu aras\u0131nda 12 Ocak 1927 tarihinde sermayenin dola\u015f\u0131m\u0131n\u0131n kolayla\u015ft\u0131r\u0131lmas\u0131na ili\u015fkin Kar\u015f\u0131l\u0131kl\u0131 Yerle\u015fme Hakk\u0131 Anla\u015fmas\u0131 imzalanm\u0131\u015ft\u0131r.<\/p>\n<p style=\"text-align: center\">1 Mart 1953 tarihinden itibaren bu Antla\u015fma iki taraf\u0131n onay\u0131nla tekrar y\u00fcr\u00fcrl\u00fc\u011fe girmi\u015ftir.<\/p>\n<p>[\/vc_column_text][\/vc_column][vc_column width=&#8221;1\/4&#8243;][vc_column_text]<\/p>\n<p style=\"text-align: center\">1963 y\u0131l\u0131nda T\u00fcrkiye ve Avrupa Birli\u011fi aras\u0131nda imzalanan Ankara Antla\u015fmas\u0131<\/p>\n<p style=\"text-align: center\">T\u00fcrkiye ile Avrupa Birli\u011fi ili\u015fkilerinin hukuki temelini olu\u015fturmaktad\u0131r<\/p>\n<p style=\"text-align: center\">Ankara Anla\u015fmas\u0131\u2019n\u0131n 2. maddesinde Anla\u015fma\u2019n\u0131n amac\u0131 \u015f\u00f6yle belirtilmektedir: \u201cT\u00fcrkiye ekonomisinin h\u0131zl\u0131 kalk\u0131nmas\u0131n\u0131 ve T\u00fcrk halk\u0131n\u0131n istihdam d\u00fczeyinin ve ya\u015fam ko\u015fullar\u0131n\u0131n y\u00fckseltilmesini sa\u011flama gere\u011fini g\u00f6z \u00f6n\u00fcnde bulundurarak, taraflar aras\u0131ndaki ticari ve ekonomik ili\u015fkileri aral\u0131ks\u0131z ve dengeli olarak g\u00fc\u00e7lendirmeyi \u00f6zendirmektir.\u201d<\/p>\n<p>[\/vc_column_text][\/vc_column][vc_column width=&#8221;1\/4&#8243;][vc_column_text]<\/p>\n<p style=\"text-align: center\">Almanya Federal Cumhuriyetinin ve \u00dclkemizin ekonomik i\u015fbirli\u011fini teminat alt\u0131na almak, T\u00fcrk Firmalar\u0131na Alman pazar\u0131na giri\u015f olana\u011f\u0131 sa\u011flamak, i\u015fg\u00fcc\u00fc piyasas\u0131n\u0131n ihtiya\u00e7lar\u0131 da g\u00f6zetilmek suretiyle, T\u00fcrk i\u015fg\u00fcc\u00fcne istihdam olana\u011f\u0131 yaratmak amac\u0131yla T\u00fcrkiye ile Almanya Federal Cumhuriyeti aras\u0131nda \u201cT\u00fcrk Firmalar\u0131 \u0130\u015f\u00e7ilerinin \u0130stisna Akdi \u00c7er\u00e7evesinde \u0130stihdam\u0131na \u0130li\u015fkin Anla\u015fma\u201d 18 Kas\u0131m 1991 g\u00fcn\u00fc imzalanm\u0131\u015ft\u0131r.<\/p>\n<p>[\/vc_column_text][\/vc_column][vc_column width=&#8221;1\/4&#8243;][vc_column_text]<\/p>\n<p class=\"font_7\" style=\"text-align: center\">T\u00fcrkiye ile Almanya aras\u0131nda \u00e7ifte vergilendirmeyi \u00f6nlemek amac\u0131yla 19 Eyl\u00fcl 2011 tarihinde anla\u015fma imzalanm\u0131\u015ft\u0131r. \u00c7ifte Vergilendirmeyi \u00d6nleme Anla\u015fmas\u0131, anla\u015fmaya taraf iki \u00fclkeden birinde elde edilen gelirle ilgili olarak, devletin vergilendirme hakk\u0131 kapsam\u0131na ili\u015fkin d\u00fczenleme getirmektedir. \u00c7ifte Vergilendirmeyi \u00d6nleme Anla\u015fmas\u0131 her iki \u00fclkede gelir elde eden ger\u00e7ek veya t\u00fczel ki\u015filerin \u00e7ifte vergilendirmeye tabii tutulmas\u0131n\u0131 engellemeyi ama\u00e7lamaktad\u0131r.<\/p>\n<p>[\/vc_column_text][\/vc_column][\/vc_row]<\/p>\n","protected":false},"excerpt":{"rendered":"<p>[vc_row][vc_column][vc_column_text] Ticaret Hukuku [\/vc_column_text][vc_column_text] Ticari Yat\u0131r\u0131mlar\u0131n Cazibe Merkezi ALMANYA [\/vc_column_text][vc_column_text] Avrupa\u00b4n\u0131n en g\u00fc\u00e7l\u00fc ekonomisine, g\u00fcvenilir hukuk ve vergi sistemine, \u00f6rnek altyap\u0131s\u0131na, y\u00fcksek sat\u0131n alma g\u00fcc\u00fcne ve yarat\u0131c\u0131 i\u015fletmelere sahip olan Almanya, yabanc\u0131 yat\u0131r\u0131mc\u0131lar i\u00e7in cazip bir \u00fclke konumunu korumaya devam etmektedir. T\u00fcrk giri\u015fimciler de, T\u00fcrkiye\u2019nin en geni\u015f ticaret hacminin ger\u00e7ekle\u015ftirildi\u011fi Almanya\u2019ya olan ilgilerini her ge\u00e7en [&hellip;]<\/p>\n","protected":false},"author":1,"featured_media":0,"parent":0,"menu_order":0,"comment_status":"closed","ping_status":"closed","template":"","meta":[],"_links":{"self":[{"href":"https:\/\/avukat-alisik.de\/tr\/wp-json\/wp\/v2\/pages\/7318"}],"collection":[{"href":"https:\/\/avukat-alisik.de\/tr\/wp-json\/wp\/v2\/pages"}],"about":[{"href":"https:\/\/avukat-alisik.de\/tr\/wp-json\/wp\/v2\/types\/page"}],"author":[{"embeddable":true,"href":"https:\/\/avukat-alisik.de\/tr\/wp-json\/wp\/v2\/users\/1"}],"replies":[{"embeddable":true,"href":"https:\/\/avukat-alisik.de\/tr\/wp-json\/wp\/v2\/comments?post=7318"}],"version-history":[{"count":6,"href":"https:\/\/avukat-alisik.de\/tr\/wp-json\/wp\/v2\/pages\/7318\/revisions"}],"predecessor-version":[{"id":7622,"href":"https:\/\/avukat-alisik.de\/tr\/wp-json\/wp\/v2\/pages\/7318\/revisions\/7622"}],"wp:attachment":[{"href":"https:\/\/avukat-alisik.de\/tr\/wp-json\/wp\/v2\/media?parent=7318"}],"curies":[{"name":"wp","href":"https:\/\/api.w.org\/{rel}","templated":true}]}}