{"id":7323,"date":"2020-12-07T20:48:46","date_gmt":"2020-12-07T19:48:46","guid":{"rendered":"http:\/\/avukat-alisik.de\/?page_id=7323"},"modified":"2020-12-13T21:48:50","modified_gmt":"2020-12-13T20:48:50","slug":"gayrimenkul-hukuku","status":"publish","type":"page","link":"https:\/\/avukat-alisik.de\/tr\/gayrimenkul-hukuku\/","title":{"rendered":"Gayrimenkul Hukuku"},"content":{"rendered":"<p>[vc_row][vc_column][vc_column_text]<\/p>\n<p style=\"text-align: center;\"><span style=\"font-size: 36pt;\">Gayrimenkul Hukuku<\/span><\/p>\n<p>[\/vc_column_text][vc_column_text]<\/p>\n<p style=\"text-align: center;\">T\u00fcrklerin d\u00fcnyada en \u00e7ok gayrimenkul ald\u0131\u011f\u0131 \u015fehirin Berlin oldu\u011funu biliyor muydunuz?<\/p>\n<p>[\/vc_column_text][vc_column_text]<\/p>\n<p style=\"text-align: center;\">Gayrimenkul al\u0131m\u0131 ve insaat projelerinin y\u00fcr\u00fct\u00fclmesi T\u00fcrkiye\u00b4den farkl\u0131 olmas\u0131 nedeniyle hukuki destek al\u0131nmas\u0131 \u00f6nerilmektedir. Biz i\u015flemlerin her a\u015famas\u0131nda yan\u0131nday\u0131z.<\/p>\n<p>[\/vc_column_text][vc_empty_space height=&#8221;50px&#8221;][vc_column_text]<\/p>\n<p style=\"text-align: center;\"><span class=\"color_24\" style=\"font-size: 24pt;\">Yat\u0131r\u0131m Ba\u015fkenti Berlin\u00a0<\/span><\/p>\n<p>[\/vc_column_text][vc_column_text]<\/p>\n<p style=\"text-align: center;\">\u00d6zellikle Berlin\u00b4de gayrimenkul al\u0131m\u0131 ve \u015firket kurulu\u015funda art\u0131\u015f s\u00f6z konusu.<\/p>\n<p style=\"text-align: center;\">Bunun temel sebeplerinden birisi mutlaka Almanya\u00b4n\u0131n g\u00fc\u00e7l\u00fc ekonomisi ve gayrimenkul fiyatlar\u0131n\u0131n \u00f6zellikle Berlin\u00b4de, di\u011fer Avrupa ba\u015fkentlerine nazaran daha d\u00fc\u015f\u00fck ve uzun vadeli istikrarl\u0131 olmas\u0131.<\/p>\n<p>[\/vc_column_text][\/vc_column][\/vc_row]<\/p>\n","protected":false},"excerpt":{"rendered":"<p>[vc_row][vc_column][vc_column_text] Gayrimenkul Hukuku [\/vc_column_text][vc_column_text] T\u00fcrklerin d\u00fcnyada en \u00e7ok gayrimenkul ald\u0131\u011f\u0131 \u015fehirin Berlin oldu\u011funu biliyor muydunuz? [\/vc_column_text][vc_column_text] Gayrimenkul al\u0131m\u0131 ve insaat projelerinin y\u00fcr\u00fct\u00fclmesi T\u00fcrkiye\u00b4den farkl\u0131 olmas\u0131 nedeniyle hukuki destek al\u0131nmas\u0131 \u00f6nerilmektedir. Biz i\u015flemlerin her a\u015famas\u0131nda yan\u0131nday\u0131z. [\/vc_column_text][vc_empty_space height=&#8221;50px&#8221;][vc_column_text] Yat\u0131r\u0131m Ba\u015fkenti Berlin\u00a0 [\/vc_column_text][vc_column_text] \u00d6zellikle Berlin\u00b4de gayrimenkul al\u0131m\u0131 ve \u015firket kurulu\u015funda art\u0131\u015f s\u00f6z konusu. Bunun temel sebeplerinden birisi [&hellip;]<\/p>\n","protected":false},"author":1,"featured_media":0,"parent":0,"menu_order":0,"comment_status":"closed","ping_status":"closed","template":"","meta":[],"_links":{"self":[{"href":"https:\/\/avukat-alisik.de\/tr\/wp-json\/wp\/v2\/pages\/7323"}],"collection":[{"href":"https:\/\/avukat-alisik.de\/tr\/wp-json\/wp\/v2\/pages"}],"about":[{"href":"https:\/\/avukat-alisik.de\/tr\/wp-json\/wp\/v2\/types\/page"}],"author":[{"embeddable":true,"href":"https:\/\/avukat-alisik.de\/tr\/wp-json\/wp\/v2\/users\/1"}],"replies":[{"embeddable":true,"href":"https:\/\/avukat-alisik.de\/tr\/wp-json\/wp\/v2\/comments?post=7323"}],"version-history":[{"count":2,"href":"https:\/\/avukat-alisik.de\/tr\/wp-json\/wp\/v2\/pages\/7323\/revisions"}],"predecessor-version":[{"id":7593,"href":"https:\/\/avukat-alisik.de\/tr\/wp-json\/wp\/v2\/pages\/7323\/revisions\/7593"}],"wp:attachment":[{"href":"https:\/\/avukat-alisik.de\/tr\/wp-json\/wp\/v2\/media?parent=7323"}],"curies":[{"name":"wp","href":"https:\/\/api.w.org\/{rel}","templated":true}]}}