{"id":7327,"date":"2020-12-07T20:52:42","date_gmt":"2020-12-07T19:52:42","guid":{"rendered":"http:\/\/avukat-alisik.de\/?page_id=7327"},"modified":"2020-12-14T21:00:30","modified_gmt":"2020-12-14T20:00:30","slug":"ikamet-hukuku","status":"publish","type":"page","link":"https:\/\/avukat-alisik.de\/tr\/ikamet-hukuku\/","title":{"rendered":"Ikamet Hukuku"},"content":{"rendered":"<p>[vc_row][vc_column][vc_column_text]<\/p>\n<p style=\"text-align: center\"><span style=\"font-size: 36pt\">\u0130kamet Hukuku<\/span><\/p>\n<p>[\/vc_column_text][vc_column_text]<\/p>\n<h2 style=\"text-align: center\"><span style=\"font-size: 24pt\">Almanya\u00b4da \u0130\u015f Kurarak Oturuma Ba\u015fvurmak m\u00fcmk\u00fcn m\u00fc?<\/span><\/h2>\n<p>[\/vc_column_text][vc_column_text]Federal Alman \u0130kamet Kanunu\u00b4nun 21. maddesi uyar\u0131nca bir yabanc\u0131ya,<\/p>\n<ol>\n<li>\u00e7ok \u00f6nemli ekonomik bir yarar\u0131n veya \u00f6zel b\u00f6lgesel bir ihtiyac\u0131n bulunmas\u0131,<\/li>\n<li>yapaca\u011f\u0131 i\u015fin ekonomide olumlu etkiler yarataca\u011f\u0131 beklentisinin olmas\u0131 ve<\/li>\n<li>i\u015fin finansman\u0131n\u0131n kendi sermayesi veya bir kredi teminat\u0131yla sa\u011flanm\u0131\u015f bulunmas\u0131 halinde ba\u011f\u0131ms\u0131z \u00e7al\u0131\u015fma ama\u00e7l\u0131 oturma izni verilebilir.<\/li>\n<\/ol>\n<p>2012 y\u0131l\u0131nda 250.000,00 Euro yat\u0131r\u0131m ve en az 5 ki\u015fi \u00e7al\u0131\u015ft\u0131rarak istihdam etme zorunlulu\u011fu kald\u0131r\u0131lm\u0131\u015ft\u0131r.[\/vc_column_text][vc_empty_space height=&#8221;50px&#8221;][vc_column_text]<\/p>\n<p style=\"text-align: center\"><span class=\"color_24\" style=\"font-size: 24pt\">Blue Card Uygulamas\u0131<\/span><\/p>\n<p>[\/vc_column_text][vc_column_text]<\/p>\n<p style=\"text-align: center\">\u00d6zellikle kreatif meslekler, bilgi teknolojisi ve eleman ihtiyac\u0131 duyulan meslekler alan\u0131nda (Bilim Adam\u0131, Matematik\u00e7i, M\u00fchendis, Doktor ve Yaz\u0131l\u0131mc\u0131) Almanya ciddi \u015fekilde iyi e\u011fitimli eleman \u00e7ekmektedir.<\/p>\n<p style=\"text-align: center\">Bu ki\u015filer Blue Card uygulamas\u0131 \u00fczerinden kolayl\u0131kla oturum alabilmektedirler.<\/p>\n<p style=\"text-align: center\">Blue Card i\u00e7in \u015fartlar genel olarak \u015funlard\u0131r:<\/p>\n<p style=\"text-align: center\">1. \u00dcniversite mezuniyeti;<br \/>\n2. Uzmanl\u0131k alan\u0131nda i\u015f bulma \u015fart\u0131;<br \/>\n3. En az 56.800 EUR br\u00fct y\u0131ll\u0131k maa\u015f (2021 y\u0131l\u0131 verileri)<\/p>\n<p style=\"text-align: center\">(Bilim Adam\u0131, Matematik\u00e7i, M\u00fchendis, Doktor ve Yaz\u0131l\u0131mc\u0131lara 44.304,00 EUR br\u00fct y\u0131ll\u0131k maa\u015f)<\/p>\n<p>[\/vc_column_text][\/vc_column][\/vc_row]<\/p>\n","protected":false},"excerpt":{"rendered":"<p>[vc_row][vc_column][vc_column_text] \u0130kamet Hukuku [\/vc_column_text][vc_column_text] Almanya\u00b4da \u0130\u015f Kurarak Oturuma Ba\u015fvurmak m\u00fcmk\u00fcn m\u00fc? [\/vc_column_text][vc_column_text]Federal Alman \u0130kamet Kanunu\u00b4nun 21. maddesi uyar\u0131nca bir yabanc\u0131ya, \u00e7ok \u00f6nemli ekonomik bir yarar\u0131n veya \u00f6zel b\u00f6lgesel bir ihtiyac\u0131n bulunmas\u0131, yapaca\u011f\u0131 i\u015fin ekonomide olumlu etkiler yarataca\u011f\u0131 beklentisinin olmas\u0131 ve i\u015fin finansman\u0131n\u0131n kendi sermayesi veya bir kredi teminat\u0131yla sa\u011flanm\u0131\u015f bulunmas\u0131 halinde ba\u011f\u0131ms\u0131z \u00e7al\u0131\u015fma ama\u00e7l\u0131 oturma [&hellip;]<\/p>\n","protected":false},"author":1,"featured_media":0,"parent":0,"menu_order":0,"comment_status":"closed","ping_status":"closed","template":"","meta":[],"_links":{"self":[{"href":"https:\/\/avukat-alisik.de\/tr\/wp-json\/wp\/v2\/pages\/7327"}],"collection":[{"href":"https:\/\/avukat-alisik.de\/tr\/wp-json\/wp\/v2\/pages"}],"about":[{"href":"https:\/\/avukat-alisik.de\/tr\/wp-json\/wp\/v2\/types\/page"}],"author":[{"embeddable":true,"href":"https:\/\/avukat-alisik.de\/tr\/wp-json\/wp\/v2\/users\/1"}],"replies":[{"embeddable":true,"href":"https:\/\/avukat-alisik.de\/tr\/wp-json\/wp\/v2\/comments?post=7327"}],"version-history":[{"count":5,"href":"https:\/\/avukat-alisik.de\/tr\/wp-json\/wp\/v2\/pages\/7327\/revisions"}],"predecessor-version":[{"id":7620,"href":"https:\/\/avukat-alisik.de\/tr\/wp-json\/wp\/v2\/pages\/7327\/revisions\/7620"}],"wp:attachment":[{"href":"https:\/\/avukat-alisik.de\/tr\/wp-json\/wp\/v2\/media?parent=7327"}],"curies":[{"name":"wp","href":"https:\/\/api.w.org\/{rel}","templated":true}]}}